{"id":7191,"date":"2025-07-20T07:46:36","date_gmt":"2025-07-20T13:46:36","guid":{"rendered":"https:\/\/macabro.mx\/?page_id=7191"},"modified":"2025-08-12T17:31:31","modified_gmt":"2025-08-12T23:31:31","slug":"boletos","status":"publish","type":"page","link":"https:\/\/macabro.mx\/en\/boletos\/","title":{"rendered":"Tickets"},"content":{"rendered":"","protected":false},"excerpt":{"rendered":"","protected":false},"author":3,"featured_media":7194,"parent":0,"menu_order":0,"comment_status":"closed","ping_status":"closed","template":"page-boletos.php","meta":{"_acf_changed":false,"footnotes":""},"festival_year":[1552],"class_list":["post-7191","page","type-page","status-publish","has-post-thumbnail","hentry","festival_year-1552"],"acf":[],"yoast_head":"<!-- This site is optimized with the Yoast SEO plugin v27.2 - https:\/\/yoast.com\/product\/yoast-seo-wordpress\/ -->\n<title>Boletos | Macabro<\/title>\n<meta name=\"description\" content=\"Descubre como conseguir boletos para Macabro 2025. El Hotel Macabro abri\u00f3 sus puertas. En el Festival Macabro, cada funci\u00f3n tiene su propia pol\u00edtica de boletos. Algunas funciones son gratuitas y otras tienen costo. Aqu\u00ed te explicamos c\u00f3mo funciona el sistema de boletos.\" \/>\n<meta name=\"robots\" content=\"index, follow, max-snippet:-1, max-image-preview:large, max-video-preview:-1\" \/>\n<link rel=\"canonical\" href=\"https:\/\/macabro.mx\/en\/boletos\/\" \/>\n<meta property=\"og:locale\" content=\"en_US\" \/>\n<meta property=\"og:type\" content=\"article\" \/>\n<meta property=\"og:title\" content=\"Boletos | Macabro\" \/>\n<meta property=\"og:description\" content=\"Descubre como conseguir boletos para Macabro 2025. El Hotel Macabro abri\u00f3 sus puertas. En el Festival Macabro, cada funci\u00f3n tiene su propia pol\u00edtica de boletos. Algunas funciones son gratuitas y otras tienen costo. Aqu\u00ed te explicamos c\u00f3mo funciona el sistema de boletos.\" \/>\n<meta property=\"og:url\" content=\"https:\/\/macabro.mx\/en\/boletos\/\" \/>\n<meta property=\"og:site_name\" content=\"Macabro\" \/>\n<meta property=\"article:publisher\" content=\"https:\/\/www.facebook.com\/MacabroFICH\" \/>\n<meta property=\"article:modified_time\" content=\"2025-08-12T23:31:31+00:00\" \/>\n<meta property=\"og:image\" content=\"https:\/\/macabro.mx\/wp-content\/uploads\/2025\/06\/hotel_MACABRO-logo_recto.png\" \/>\n\t<meta property=\"og:image:width\" content=\"600\" \/>\n\t<meta property=\"og:image:height\" content=\"353\" \/>\n\t<meta property=\"og:image:type\" content=\"image\/png\" \/>\n<meta name=\"twitter:card\" content=\"summary_large_image\" \/>\n<meta name=\"twitter:site\" content=\"@MacabroFICH\" \/>\n<meta name=\"twitter:label1\" content=\"Est. reading time\" \/>\n\t<meta name=\"twitter:data1\" content=\"1 minute\" \/>\n<script type=\"application\/ld+json\" class=\"yoast-schema-graph\">{\"@context\":\"https:\/\/schema.org\",\"@graph\":[{\"@type\":\"WebPage\",\"@id\":\"https:\/\/macabro.mx\/boletos\/\",\"url\":\"https:\/\/macabro.mx\/boletos\/\",\"name\":\"Boletos | Macabro\",\"isPartOf\":{\"@id\":\"https:\/\/macabro.mx\/#website\"},\"primaryImageOfPage\":{\"@id\":\"https:\/\/macabro.mx\/boletos\/#primaryimage\"},\"image\":{\"@id\":\"https:\/\/macabro.mx\/boletos\/#primaryimage\"},\"thumbnailUrl\":\"https:\/\/macabro.mx\/wp-content\/uploads\/2025\/06\/hotel_MACABRO-logo_recto.png\",\"datePublished\":\"2025-07-20T13:46:36+00:00\",\"dateModified\":\"2025-08-12T23:31:31+00:00\",\"description\":\"Descubre como conseguir boletos para Macabro 2025. El Hotel Macabro abri\u00f3 sus puertas. En el Festival Macabro, cada funci\u00f3n tiene su propia pol\u00edtica de boletos. Algunas funciones son gratuitas y otras tienen costo. Aqu\u00ed te explicamos c\u00f3mo funciona el sistema de boletos.\",\"breadcrumb\":{\"@id\":\"https:\/\/macabro.mx\/boletos\/#breadcrumb\"},\"inLanguage\":\"en-US\",\"potentialAction\":[{\"@type\":\"ReadAction\",\"target\":[\"https:\/\/macabro.mx\/boletos\/\"]}]},{\"@type\":\"ImageObject\",\"inLanguage\":\"en-US\",\"@id\":\"https:\/\/macabro.mx\/boletos\/#primaryimage\",\"url\":\"https:\/\/macabro.mx\/wp-content\/uploads\/2025\/06\/hotel_MACABRO-logo_recto.png\",\"contentUrl\":\"https:\/\/macabro.mx\/wp-content\/uploads\/2025\/06\/hotel_MACABRO-logo_recto.png\",\"width\":600,\"height\":353},{\"@type\":\"BreadcrumbList\",\"@id\":\"https:\/\/macabro.mx\/boletos\/#breadcrumb\",\"itemListElement\":[{\"@type\":\"ListItem\",\"position\":1,\"name\":\"Home\",\"item\":\"https:\/\/macabro.mx\/\"},{\"@type\":\"ListItem\",\"position\":2,\"name\":\"Boletos\"}]},{\"@type\":\"WebSite\",\"@id\":\"https:\/\/macabro.mx\/#website\",\"url\":\"https:\/\/macabro.mx\/\",\"name\":\"Macabro\",\"description\":\"Festival Internacional de Cine de Horror\",\"publisher\":{\"@id\":\"https:\/\/macabro.mx\/#organization\"},\"potentialAction\":[{\"@type\":\"SearchAction\",\"target\":{\"@type\":\"EntryPoint\",\"urlTemplate\":\"https:\/\/macabro.mx\/?s={search_term_string}\"},\"query-input\":{\"@type\":\"PropertyValueSpecification\",\"valueRequired\":true,\"valueName\":\"search_term_string\"}}],\"inLanguage\":\"en-US\"},{\"@type\":\"Organization\",\"@id\":\"https:\/\/macabro.mx\/#organization\",\"name\":\"Macabro Film Festival 2025\",\"url\":\"https:\/\/macabro.mx\/\",\"logo\":{\"@type\":\"ImageObject\",\"inLanguage\":\"en-US\",\"@id\":\"https:\/\/macabro.mx\/#\/schema\/logo\/image\/\",\"url\":\"https:\/\/macabro.mx\/wp-content\/uploads\/2020\/11\/logo-macabro.png\",\"contentUrl\":\"https:\/\/macabro.mx\/wp-content\/uploads\/2020\/11\/logo-macabro.png\",\"width\":870,\"height\":336,\"caption\":\"Macabro Film Festival 2025\"},\"image\":{\"@id\":\"https:\/\/macabro.mx\/#\/schema\/logo\/image\/\"},\"sameAs\":[\"https:\/\/www.facebook.com\/MacabroFICH\",\"https:\/\/x.com\/MacabroFICH\",\"https:\/\/www.instagram.com\/macabrofich\/\",\"https:\/\/www.youtube.com\/user\/macabrofest\"]}]}<\/script>\n<!-- \/ Yoast SEO plugin. -->","yoast_head_json":{"title":"Boletos | Macabro","description":"Descubre como conseguir boletos para Macabro 2025. El Hotel Macabro abri\u00f3 sus puertas. En el Festival Macabro, cada funci\u00f3n tiene su propia pol\u00edtica de boletos. Algunas funciones son gratuitas y otras tienen costo. Aqu\u00ed te explicamos c\u00f3mo funciona el sistema de boletos.","robots":{"index":"index","follow":"follow","max-snippet":"max-snippet:-1","max-image-preview":"max-image-preview:large","max-video-preview":"max-video-preview:-1"},"canonical":"https:\/\/macabro.mx\/en\/boletos\/","og_locale":"en_US","og_type":"article","og_title":"Boletos | Macabro","og_description":"Descubre como conseguir boletos para Macabro 2025. El Hotel Macabro abri\u00f3 sus puertas. En el Festival Macabro, cada funci\u00f3n tiene su propia pol\u00edtica de boletos. Algunas funciones son gratuitas y otras tienen costo. Aqu\u00ed te explicamos c\u00f3mo funciona el sistema de boletos.","og_url":"https:\/\/macabro.mx\/en\/boletos\/","og_site_name":"Macabro","article_publisher":"https:\/\/www.facebook.com\/MacabroFICH","article_modified_time":"2025-08-12T23:31:31+00:00","og_image":[{"width":600,"height":353,"url":"https:\/\/macabro.mx\/wp-content\/uploads\/2025\/06\/hotel_MACABRO-logo_recto.png","type":"image\/png"}],"twitter_card":"summary_large_image","twitter_site":"@MacabroFICH","twitter_misc":{"Est. reading time":"1 minute"},"schema":{"@context":"https:\/\/schema.org","@graph":[{"@type":"WebPage","@id":"https:\/\/macabro.mx\/boletos\/","url":"https:\/\/macabro.mx\/boletos\/","name":"Boletos | Macabro","isPartOf":{"@id":"https:\/\/macabro.mx\/#website"},"primaryImageOfPage":{"@id":"https:\/\/macabro.mx\/boletos\/#primaryimage"},"image":{"@id":"https:\/\/macabro.mx\/boletos\/#primaryimage"},"thumbnailUrl":"https:\/\/macabro.mx\/wp-content\/uploads\/2025\/06\/hotel_MACABRO-logo_recto.png","datePublished":"2025-07-20T13:46:36+00:00","dateModified":"2025-08-12T23:31:31+00:00","description":"Descubre como conseguir boletos para Macabro 2025. El Hotel Macabro abri\u00f3 sus puertas. En el Festival Macabro, cada funci\u00f3n tiene su propia pol\u00edtica de boletos. Algunas funciones son gratuitas y otras tienen costo. Aqu\u00ed te explicamos c\u00f3mo funciona el sistema de boletos.","breadcrumb":{"@id":"https:\/\/macabro.mx\/boletos\/#breadcrumb"},"inLanguage":"en-US","potentialAction":[{"@type":"ReadAction","target":["https:\/\/macabro.mx\/boletos\/"]}]},{"@type":"ImageObject","inLanguage":"en-US","@id":"https:\/\/macabro.mx\/boletos\/#primaryimage","url":"https:\/\/macabro.mx\/wp-content\/uploads\/2025\/06\/hotel_MACABRO-logo_recto.png","contentUrl":"https:\/\/macabro.mx\/wp-content\/uploads\/2025\/06\/hotel_MACABRO-logo_recto.png","width":600,"height":353},{"@type":"BreadcrumbList","@id":"https:\/\/macabro.mx\/boletos\/#breadcrumb","itemListElement":[{"@type":"ListItem","position":1,"name":"Home","item":"https:\/\/macabro.mx\/"},{"@type":"ListItem","position":2,"name":"Boletos"}]},{"@type":"WebSite","@id":"https:\/\/macabro.mx\/#website","url":"https:\/\/macabro.mx\/","name":"Macabro","description":"Festival Internacional de Cine de Horror","publisher":{"@id":"https:\/\/macabro.mx\/#organization"},"potentialAction":[{"@type":"SearchAction","target":{"@type":"EntryPoint","urlTemplate":"https:\/\/macabro.mx\/?s={search_term_string}"},"query-input":{"@type":"PropertyValueSpecification","valueRequired":true,"valueName":"search_term_string"}}],"inLanguage":"en-US"},{"@type":"Organization","@id":"https:\/\/macabro.mx\/#organization","name":"Macabro Film Festival 2025","url":"https:\/\/macabro.mx\/","logo":{"@type":"ImageObject","inLanguage":"en-US","@id":"https:\/\/macabro.mx\/#\/schema\/logo\/image\/","url":"https:\/\/macabro.mx\/wp-content\/uploads\/2020\/11\/logo-macabro.png","contentUrl":"https:\/\/macabro.mx\/wp-content\/uploads\/2020\/11\/logo-macabro.png","width":870,"height":336,"caption":"Macabro Film Festival 2025"},"image":{"@id":"https:\/\/macabro.mx\/#\/schema\/logo\/image\/"},"sameAs":["https:\/\/www.facebook.com\/MacabroFICH","https:\/\/x.com\/MacabroFICH","https:\/\/www.instagram.com\/macabrofich\/","https:\/\/www.youtube.com\/user\/macabrofest"]}]}},"_links":{"self":[{"href":"https:\/\/macabro.mx\/en\/wp-json\/wp\/v2\/pages\/7191","targetHints":{"allow":["GET"]}}],"collection":[{"href":"https:\/\/macabro.mx\/en\/wp-json\/wp\/v2\/pages"}],"about":[{"href":"https:\/\/macabro.mx\/en\/wp-json\/wp\/v2\/types\/page"}],"author":[{"embeddable":true,"href":"https:\/\/macabro.mx\/en\/wp-json\/wp\/v2\/users\/3"}],"replies":[{"embeddable":true,"href":"https:\/\/macabro.mx\/en\/wp-json\/wp\/v2\/comments?post=7191"}],"version-history":[{"count":1,"href":"https:\/\/macabro.mx\/en\/wp-json\/wp\/v2\/pages\/7191\/revisions"}],"predecessor-version":[{"id":7192,"href":"https:\/\/macabro.mx\/en\/wp-json\/wp\/v2\/pages\/7191\/revisions\/7192"}],"wp:featuredmedia":[{"embeddable":true,"href":"https:\/\/macabro.mx\/en\/wp-json\/wp\/v2\/media\/7194"}],"wp:attachment":[{"href":"https:\/\/macabro.mx\/en\/wp-json\/wp\/v2\/media?parent=7191"}],"wp:term":[{"taxonomy":"festival_year","embeddable":true,"href":"https:\/\/macabro.mx\/en\/wp-json\/wp\/v2\/festival_year?post=7191"}],"curies":[{"name":"wp","href":"https:\/\/api.w.org\/{rel}","templated":true}]}}